{"id":678,"date":"2022-01-26T11:29:43","date_gmt":"2022-01-26T13:29:43","guid":{"rendered":"https:\/\/172.16.5.5\/?page_id=678"},"modified":"2023-12-11T17:20:15","modified_gmt":"2023-12-11T20:20:15","slug":"passo-a-passo-da-aplicacao","status":"publish","type":"page","link":"https:\/\/www.alemdaaltura.com.br\/programasomar\/passo-a-passo-da-aplicacao\/","title":{"rendered":"Passo a passo da Aplica\u00e7\u00e3o"},"content":{"rendered":"<div id=\"pl-678\"  class=\"panel-layout\" ><div id=\"pg-678-0\"  class=\"panel-grid panel-no-style\" ><div id=\"pgc-678-0-0\"  class=\"panel-grid-cell\" ><div id=\"panel-678-0-0-0\" class=\"so-panel widget widget_text panel-first-child panel-last-child\" data-index=\"0\" ><div class=\"title panel-widget-style panel-widget-style-for-678-0-0-0\" ><h3 class=\"widget-title\">Passo a passo da Aplica\u00e7\u00e3o<\/h3>\t\t\t<div class=\"textwidget\"><p>Para a aplica\u00e7\u00e3o segura do Omnitrope\u00ae, algumas instru\u00e7\u00f5es devem ser seguidas. Nos par\u00e1grafos abaixo, voc\u00ea ir\u00e1 encontrar o passo a passo para uma aplica\u00e7\u00e3o correta. O v\u00eddeo a seguir lhe mostrar\u00e1 como realizar o manuseio da caneta SurePalTM de modo seguro e correto.<\/p>\n<p>Confira as instru\u00e7\u00f5es e conhe\u00e7a cada detalhe da sua caneta SurePal<sup>TM<\/sup>.<\/p>\n<\/div>\n\t\t<\/div><\/div><\/div><div id=\"pgc-678-0-1\"  class=\"panel-grid-cell\" ><div id=\"panel-678-0-1-0\" class=\"so-panel widget widget_text panel-first-child panel-last-child\" data-index=\"1\" >\t\t\t<div class=\"textwidget\"><div style=\"width: 780px;\" class=\"wp-video\"><!--[if lt IE 9]><script>document.createElement('video');<\/script><![endif]--><br \/>\n<video class=\"wp-video-shortcode\" id=\"video-0-1\" preload=\"metadata\" controls=\"controls\"><source type=\"video\/mp4\" src=\"https:\/\/alemdaaltura.interplayers.com.br\/programasomar\/wp-content\/uploads\/2023\/12\/25531207-1442-SDZ-ATUALIZACAO-VIDEOS-DE-APLICACAO-SUREPAL-FINAL-1.mp4?_=1\" \/><a href=\"https:\/\/alemdaaltura.interplayers.com.br\/programasomar\/wp-content\/uploads\/2023\/12\/25531207-1442-SDZ-ATUALIZACAO-VIDEOS-DE-APLICACAO-SUREPAL-FINAL-1.mp4\">https:\/\/alemdaaltura.interplayers.com.br\/programasomar\/wp-content\/uploads\/2023\/12\/25531207-1442-SDZ-ATUALIZACAO-VIDEOS-DE-APLICACAO-SUREPAL-FINAL-1.mp4<\/a><\/video><\/div>\n<\/div>\n\t\t<\/div><\/div><\/div><div id=\"pg-678-1\"  class=\"panel-grid panel-has-style\" ><div id=\"lista\" class=\"panel-row-style panel-row-style-for-678-1\" ><div id=\"pgc-678-1-0\"  class=\"panel-grid-cell\" ><div id=\"panel-678-1-0-0\" class=\"so-panel widget widget_siteorigin-panels-builder panel-first-child panel-last-child\" data-index=\"2\" ><div id=\"pl-w65720650b9df4\"  class=\"panel-layout\" ><div id=\"pg-w65720650b9df4-0\"  class=\"panel-grid panel-no-style\" ><div id=\"pgc-w65720650b9df4-0-0\"  class=\"panel-grid-cell\" ><div id=\"panel-w65720650b9df4-0-0-0\" class=\"so-panel widget widget_black-studio-tinymce widget_black_studio_tinymce panel-first-child panel-last-child\" data-index=\"0\" ><h3 class=\"widget-title\">Passo 1. Confira a apar\u00eancia e a validade do Omnitrope\u00ae (somatropina)  <\/h3><div class=\"textwidget\"><p>Inspecione cuidadosamente a solu\u00e7\u00e3o antes de aplicar e utilize-a apenas se estiver l\u00edmpida e incolor\u00b9.<\/p>\n<p><strong>Importante!<\/strong><br \/>\nN\u00e3o use medicamento com o prazo de validade vencido. Guarde-o em sua embalagem original. Ap\u00f3s o preparo, manter em geladeira (entre 2\u00baC e 8\u00baC) por at\u00e9 28 dias<sup>1<\/sup>.<br \/>\nCaso ele esteja no prazo de validade e voc\u00ea observar alguma mudan\u00e7a no aspecto, consulte o farmac\u00eautico para saber se poder\u00e1 utiliz\u00e1-lo.<\/p>\n<\/div><\/div><\/div><div id=\"pgc-w65720650b9df4-0-1\"  class=\"panel-grid-cell\" ><div id=\"panel-w65720650b9df4-0-1-0\" class=\"so-panel widget widget_themegrill_flash_image tg-widget tg-image-widget panel-first-child panel-last-child\" data-index=\"1\" >\t<img decoding=\"async\" src=\"https:\/\/alemdaaltura.interplayers.com.br\/programasomar\/wp-content\/uploads\/2022\/01\/Passo-icone-01.png\" \/>\n<\/div><\/div><\/div><div id=\"pg-w65720650b9df4-1\"  class=\"panel-grid panel-no-style\" ><div id=\"pgc-w65720650b9df4-1-0\"  class=\"panel-grid-cell\" ><div id=\"panel-w65720650b9df4-1-0-0\" class=\"so-panel widget widget_black-studio-tinymce widget_black_studio_tinymce panel-first-child panel-last-child\" data-index=\"2\" ><h3 class=\"widget-title\">Passo 2. Certifique-se da dosagem prescrita pelo m\u00e9dico<\/h3><div class=\"textwidget\"><p>A caneta SurePal\u2122 15 caracteriza-se por uma fun\u00e7\u00e3o de mem\u00f3ria de dose, a qual o auxilia no ajuste da dose correta, conforme prescrita pelo seu m\u00e9dico<sup>2<\/sup>.<\/p>\n<p>Veja o v\u00eddeo para com instru\u00e7\u00f5es para ajustar a mem\u00f3ria de dose na sua SurePal\u2122.<\/p>\n<\/div><\/div><\/div><div id=\"pgc-w65720650b9df4-1-1\"  class=\"panel-grid-cell\" ><div id=\"panel-w65720650b9df4-1-1-0\" class=\"so-panel widget widget_themegrill_flash_image tg-widget tg-image-widget panel-first-child panel-last-child\" data-index=\"3\" >\t<img decoding=\"async\" src=\"https:\/\/alemdaaltura.interplayers.com.br\/programasomar\/wp-content\/uploads\/2022\/01\/Passo-icone-02.png\" \/>\n<\/div><\/div><\/div><div id=\"pg-w65720650b9df4-2\"  class=\"panel-grid panel-no-style\" ><div id=\"pgc-w65720650b9df4-2-0\"  class=\"panel-grid-cell\" ><div id=\"panel-w65720650b9df4-2-0-0\" class=\"so-panel widget widget_black-studio-tinymce widget_black_studio_tinymce panel-first-child panel-last-child\" data-index=\"4\" ><h3 class=\"widget-title\">Passo 3. Tenha em m\u00e3os os materiais necess\u00e1rios<\/h3><div class=\"textwidget\"><p>Certifique-se de ter<sup>1,2<\/sup>:<br \/>\n\u2022 O carpule com Omnitrope<sup>\u00ae<\/sup> solu\u00e7\u00e3o injet\u00e1vel;<br \/>\n\u2022 A caneta SurePal\u2122;<br \/>\n\u2022 Uma agulha de caneta para inje\u00e7\u00e3o subcut\u00e2nea;<br \/>\n\u2022 Duas compressas de limpeza;<br \/>\n\u2022 Cont\u00eainer para perfurocortantes, fornecido pelo Programa Somar, resistente a perfurac\u00f5es, a prova de vazamentos, projetado especificamente para o descarte de agulhas usadas.<\/p>\n<\/div><\/div><\/div><div id=\"pgc-w65720650b9df4-2-1\"  class=\"panel-grid-cell\" ><div id=\"panel-w65720650b9df4-2-1-0\" class=\"so-panel widget widget_themegrill_flash_image tg-widget tg-image-widget panel-first-child panel-last-child\" data-index=\"5\" >\t<img decoding=\"async\" src=\"https:\/\/alemdaaltura.interplayers.com.br\/programasomar\/wp-content\/uploads\/2022\/02\/Passo-icone-03.png\" \/>\n<\/div><\/div><\/div><div id=\"pg-w65720650b9df4-3\"  class=\"panel-grid panel-no-style\" ><div id=\"pgc-w65720650b9df4-3-0\"  class=\"panel-grid-cell\" ><div id=\"panel-w65720650b9df4-3-0-0\" class=\"so-panel widget widget_black-studio-tinymce widget_black_studio_tinymce panel-first-child panel-last-child\" data-index=\"6\" ><h3 class=\"widget-title\">Passo 4. Retire o Omnitrope\u00ae do refrigerador<\/h3><div class=\"textwidget\"><p>Para uma inje\u00e7\u00e3o mais confort\u00e1vel, o carpule pr\u00e9-montado deve ser retirado do refrigerador pelo menos 30 minutos antes da aplica\u00e7\u00e3o<sup>2<\/sup>.<\/p>\n<p><strong>Como devo fazer a aplica\u00e7\u00e3o?<\/strong><\/p>\n<p>O Omnitrope<sup>\u00ae<\/sup> \u00e9 administrado como uma inje\u00e7\u00e3o subcut\u00e2nea, o que significa que deve ser aplicado no tecido sob a pele<sup>1<\/sup>.<\/p>\n<p><strong>Importante!<\/strong> Antes de continuar com os passos seguintes, lave as m\u00e3os.<\/p>\n<\/div><\/div><\/div><div id=\"pgc-w65720650b9df4-3-1\"  class=\"panel-grid-cell\" ><div id=\"panel-w65720650b9df4-3-1-0\" class=\"so-panel widget widget_themegrill_flash_image tg-widget tg-image-widget panel-first-child panel-last-child\" data-index=\"7\" >\t<img decoding=\"async\" src=\"https:\/\/alemdaaltura.interplayers.com.br\/programasomar\/wp-content\/uploads\/2022\/02\/Passo-icone-04.png\" \/>\n<\/div><\/div><\/div><div id=\"pg-w65720650b9df4-4\"  class=\"panel-grid panel-no-style\" ><div id=\"pgc-w65720650b9df4-4-0\"  class=\"panel-grid-cell\" ><div id=\"panel-w65720650b9df4-4-0-0\" class=\"so-panel widget widget_black-studio-tinymce widget_black_studio_tinymce panel-first-child panel-last-child\" data-index=\"8\" ><h3 class=\"widget-title\">Passo 5. Com uma compressa com algod\u00e3o, desinfecte a membrana de borracha do carpule\u00b9<\/h3><div class=\"textwidget\"><\/div><\/div><\/div><div id=\"pgc-w65720650b9df4-4-1\"  class=\"panel-grid-cell\" ><div id=\"panel-w65720650b9df4-4-1-0\" class=\"so-panel widget widget_themegrill_flash_image tg-widget tg-image-widget panel-first-child panel-last-child\" data-index=\"9\" >\t<img decoding=\"async\" src=\"https:\/\/alemdaaltura.interplayers.com.br\/programasomar\/wp-content\/uploads\/2022\/02\/Passo-icone-05.png\" \/>\n<\/div><\/div><\/div><div id=\"pg-w65720650b9df4-5\"  class=\"panel-grid panel-no-style\" ><div id=\"pgc-w65720650b9df4-5-0\"  class=\"panel-grid-cell\" ><div id=\"panel-w65720650b9df4-5-0-0\" class=\"so-panel widget widget_black-studio-tinymce widget_black_studio_tinymce panel-first-child panel-last-child\" data-index=\"10\" ><h3 class=\"widget-title\">Passo 6. Insira a agulha na caneta<\/h3><div class=\"textwidget\"><p>Ao inserir a agulha na caneta \u00e9 normal observar o vazamento de algumas gotas do produto<sup>1<\/sup>.<\/p>\n<\/div><\/div><\/div><div id=\"pgc-w65720650b9df4-5-1\"  class=\"panel-grid-cell\" ><div id=\"panel-w65720650b9df4-5-1-0\" class=\"so-panel widget widget_themegrill_flash_image tg-widget tg-image-widget panel-first-child panel-last-child\" data-index=\"11\" >\t<img decoding=\"async\" src=\"https:\/\/alemdaaltura.interplayers.com.br\/programasomar\/wp-content\/uploads\/2022\/02\/Passo-icone-06.png\" \/>\n<\/div><\/div><\/div><div id=\"pg-w65720650b9df4-6\"  class=\"panel-grid panel-no-style\" ><div id=\"pgc-w65720650b9df4-6-0\"  class=\"panel-grid-cell\" ><div id=\"panel-w65720650b9df4-6-0-0\" class=\"so-panel widget widget_black-studio-tinymce widget_black_studio_tinymce panel-first-child panel-last-child\" data-index=\"12\" ><h3 class=\"widget-title\">Passo 7. Selecione o local da aplica\u00e7\u00e3o<\/h3><div class=\"textwidget\"><p>Os melhores locais para aplicar s\u00e3o tecidos com uma camada de gordura entre a pele e o m\u00fasculo, tais como quadril lateral e a barriga (exceto umbigo e cintura). Veja abaixo os locais mais recomendados para a aplica\u00e7\u00e3o<sup>1<\/sup>.<\/p>\n<p><strong>Importante!<\/strong> Assegure-se de que o local de aplica\u00e7\u00e3o est\u00e1 a pelo menos 1 cm de dist\u00e2ncia do seu \u00faltimo local de aplica\u00e7\u00e3o<sup>1<\/sup>.<\/p>\n<\/div><\/div><\/div><div id=\"pgc-w65720650b9df4-6-1\"  class=\"panel-grid-cell\" ><div id=\"panel-w65720650b9df4-6-1-0\" class=\"so-panel widget widget_black-studio-tinymce widget_black_studio_tinymce panel-first-child panel-last-child\" data-index=\"13\" ><div class=\"textwidget\"><p><strong>Locais de aplica\u00e7\u00e3o<\/strong><\/p>\n<p>A via de aplica\u00e7\u00e3o do Omnitrope \u00e9 subcut\u00e2nea, portanto, ele pode ser aplicado nos seguintes locais<sup>1<\/sup>:<\/p>\n<ul>\n<li><strong>1 - <\/strong>Abdome (com uma dist\u00e2ncia m\u00ednima de 2cm do umbigo);<\/li>\n<li><strong>2 -<\/strong> Parte posterior dos bra\u00e7os;<\/li>\n<li><strong>3 - <\/strong>Parte lateral ou frontal das coxas;<\/li>\n<li><strong>4 - <\/strong>Flancos; e<\/li>\n<li><strong>5 - <\/strong>No quadrante superior externo das n\u00e1degas.<\/li>\n<\/ul>\n<p><img loading=\"lazy\" decoding=\"async\" class=\"alignnone size-medium wp-image-706\" src=\"https:\/\/alemdaaltura.interplayers.com.br\/programasomar\/wp-content\/uploads\/2022\/01\/img-areas-de-aplicacao-287x300.png\" alt=\"\" width=\"287\" height=\"300\" srcset=\"https:\/\/www.alemdaaltura.com.br\/programasomar\/wp-content\/uploads\/2022\/01\/img-areas-de-aplicacao-287x300.png 287w, https:\/\/www.alemdaaltura.com.br\/programasomar\/wp-content\/uploads\/2022\/01\/img-areas-de-aplicacao.png 476w\" sizes=\"(max-width: 287px) 100vw, 287px\" \/><\/p>\n<\/div><\/div><\/div><\/div><div id=\"pg-w65720650b9df4-7\"  class=\"panel-grid panel-no-style\" ><div id=\"pgc-w65720650b9df4-7-0\"  class=\"panel-grid-cell\" ><div id=\"panel-w65720650b9df4-7-0-0\" class=\"so-panel widget widget_black-studio-tinymce widget_black_studio_tinymce panel-first-child panel-last-child\" data-index=\"14\" ><h3 class=\"widget-title\">Passo 8. Limpe o local da aplica\u00e7\u00e3o com \u00e1lcool<\/h3><div class=\"textwidget\"><p>Antes de aplicar uma inje\u00e7\u00e3o, limpe bem a pele com uma compressa com algod\u00e3o<sup>1<\/sup>. Espere que a zona seque<sup>1<\/sup>.<\/p>\n<\/div><\/div><\/div><div id=\"pgc-w65720650b9df4-7-1\"  class=\"panel-grid-cell\" ><div id=\"panel-w65720650b9df4-7-1-0\" class=\"so-panel widget widget_themegrill_flash_image tg-widget tg-image-widget panel-first-child panel-last-child\" data-index=\"15\" >\t<img decoding=\"async\" src=\"https:\/\/alemdaaltura.interplayers.com.br\/programasomar\/wp-content\/uploads\/2022\/02\/Passo-icone-08.png\" \/>\n<\/div><\/div><\/div><div id=\"pg-w65720650b9df4-8\"  class=\"panel-grid panel-no-style\" ><div id=\"pgc-w65720650b9df4-8-0\"  class=\"panel-grid-cell\" ><div id=\"panel-w65720650b9df4-8-0-0\" class=\"so-panel widget widget_black-studio-tinymce widget_black_studio_tinymce panel-first-child panel-last-child\" data-index=\"16\" ><h3 class=\"widget-title\">Passo 9. Aplique a inje\u00e7\u00e3o<\/h3><div class=\"textwidget\"><p>Remova a tampa interna da agulha. Aperte uma dobra da pele no local da inje\u00e7\u00e3o com uma m\u00e3o<sup>2<\/sup>.<\/p>\n<p>Segure a SurePal\u2122 15 na vertical, insira a agulha da caneta na dobra da pele, empurre o bot\u00e3o deslizante para baixo e o segure nessa posi\u00e7\u00e3o. O bot\u00e3o de dose girar\u00e1 automaticamente at\u00e9 parar<sup>2<\/sup>.<\/p>\n<p>Mantenha a agulha dentro por 10 segundos ap\u00f3s o bot\u00e3o de dose parar de girar. O medicamento \u00e9 injetado quando \"0\" aparece na janela do display de dose<sup>2<\/sup>.<\/p>\n<p>Remova a agulha da caneta da dobra da pele. Voc\u00ea pode observar algum gotejamento da agulha da caneta, mas isto \u00e9 normal<sup>2<\/sup>.<\/p>\n<p>Ap\u00f3s a inje\u00e7\u00e3o, pressione o local com uma pequena gaze esterilizada durante v\u00e1rios segundos. N\u00e3o massageie o local da inje\u00e7\u00e3o<sup>1<\/sup>.<\/p>\n<\/div><\/div><\/div><div id=\"pgc-w65720650b9df4-8-1\"  class=\"panel-grid-cell\" ><div id=\"panel-w65720650b9df4-8-1-0\" class=\"so-panel widget widget_themegrill_flash_image tg-widget tg-image-widget panel-first-child panel-last-child\" data-index=\"17\" >\t<img decoding=\"async\" src=\"https:\/\/alemdaaltura.interplayers.com.br\/programasomar\/wp-content\/uploads\/2022\/02\/Passo-icone-09.png\" \/>\n<\/div><\/div><\/div><div id=\"pg-w65720650b9df4-9\"  class=\"panel-grid panel-no-style\" ><div id=\"pgc-w65720650b9df4-9-0\"  class=\"panel-grid-cell\" ><div id=\"panel-w65720650b9df4-9-0-0\" class=\"so-panel widget widget_black-studio-tinymce widget_black_studio_tinymce panel-first-child panel-last-child\" data-index=\"18\" ><h3 class=\"widget-title\">Passo 10. Tire a agulha da caneta<\/h3><div class=\"textwidget\"><p>Tire a agulha da caneta, utilizando a tampa exterior da agulha e elimine-a. Isto ir\u00e1 manter a solu\u00e7\u00e3o do medicamento est\u00e9ril e evitar\u00e1 perdas. Isto tamb\u00e9m ir\u00e1 impedir que o ar entre na caneta e haja coagula\u00e7\u00e3o na agulha. Deixe o carpule na caneta, coloque a tampa na caneta, e conserve-a na geladeira<sup>1<\/sup>.<\/p>\n<\/div><\/div><\/div><div id=\"pgc-w65720650b9df4-9-1\"  class=\"panel-grid-cell\" ><div id=\"panel-w65720650b9df4-9-1-0\" class=\"so-panel widget widget_themegrill_flash_image tg-widget tg-image-widget panel-first-child panel-last-child\" data-index=\"19\" >\t<img decoding=\"async\" src=\"https:\/\/alemdaaltura.interplayers.com.br\/programasomar\/wp-content\/uploads\/2022\/02\/Passo-icone-10.png\" \/>\n<\/div><\/div><\/div><\/div><\/div><\/div><\/div><\/div><div id=\"pg-678-2\"  class=\"panel-grid panel-no-style\" ><div id=\"pgc-678-2-0\"  class=\"panel-grid-cell\" ><div id=\"panel-678-2-0-0\" class=\"so-panel widget widget_black-studio-tinymce widget_black_studio_tinymce panel-first-child panel-last-child\" data-index=\"3\" ><div class=\"textwidget\"><p><strong>Importante!<\/strong><\/p>\n<p>Confira algumas informa\u00e7\u00f5es importantes a serem seguidas para garantir a qualidade do medicamento e tratamento escolhidos<sup>1,2<\/sup>.<\/p>\n<\/ul>\n<li>O medicamento Omnitrope<sup>\u00ae<\/sup> s\u00f3 pode ser utilizado atrav\u00e9s da caneta aplicadora;<\/li>\n<li>Sempre lave suas m\u00e3os antes de usar a SurePal\u2122 15;<\/li>\n<li>Manuseie a SurePal\u2122 15 com cuidado e a mantenha sempre limpa;<\/li>\n<li><strong>NUNCA<\/strong> compartilhe a sua SurePal\u2122 15;<\/li>\n<li>A caneta carregada com o cartucho deve ser armazenada em geladeira, entre 2\u00baC e 8\u00baC, e dentro do estojo;<\/li>\n<li>Nunca reaproveite a agulha. Ela \u00e9 feita para ser utilizada apenas uma vez;<\/li>\n<li>A estabilidade de cada ampola \u00e9 garantida por at\u00e9 28 dias ap\u00f3s a primeira aplica\u00e7\u00e3o;<\/li>\n<li>Para o transporte do medicamento, os gelos recicl\u00e1veis devem ser armazenados no freezer por no m\u00ednimo 72h antes do uso;<\/li>\n<\/ul>\n<\/div><\/div><\/div><\/div><div id=\"pg-678-3\"  class=\"panel-grid panel-no-style\" ><div id=\"pgc-678-3-0\"  class=\"panel-grid-cell\" ><div id=\"panel-678-3-0-0\" class=\"so-panel widget widget_black-studio-tinymce widget_black_studio_tinymce panel-first-child panel-last-child\" data-index=\"4\" ><div class=\"textwidget\"><p><b>BR2311081491<\/b><\/p>\n<p><strong>Refer\u00eancia: 1. <\/strong>Bula do medicamento Omnitrope. Dispon\u00edvel em: <a href=\"https:\/\/www.sandoz.com.br\/product-list-v2\/products\">https:\/\/www.sandoz.com.br\/product-list-v2\/products<\/a>. Acesso em 30 de outubro de 2023. <strong>\u00a02. <\/strong>SurePal<sup>TM<\/sup> 15 Guia do Usu\u00e1rio.<\/p>\n<\/div><\/div><\/div><\/div><\/div>","protected":false},"excerpt":{"rendered":"<p>Para a aplica\u00e7\u00e3o segura do Omnitrope\u00ae, algumas instru\u00e7\u00f5es devem ser seguidas. Nos par\u00e1grafos abaixo, voc\u00ea ir\u00e1 encontrar o passo a [&hellip;]<\/p>\n","protected":false},"author":250,"featured_media":0,"parent":0,"menu_order":0,"comment_status":"closed","ping_status":"closed","template":"","meta":{"footnotes":""},"class_list":["post-678","page","type-page","status-publish","hentry"],"_links":{"self":[{"href":"https:\/\/www.alemdaaltura.com.br\/programasomar\/wp-json\/wp\/v2\/pages\/678"}],"collection":[{"href":"https:\/\/www.alemdaaltura.com.br\/programasomar\/wp-json\/wp\/v2\/pages"}],"about":[{"href":"https:\/\/www.alemdaaltura.com.br\/programasomar\/wp-json\/wp\/v2\/types\/page"}],"author":[{"embeddable":true,"href":"https:\/\/www.alemdaaltura.com.br\/programasomar\/wp-json\/wp\/v2\/users\/250"}],"replies":[{"embeddable":true,"href":"https:\/\/www.alemdaaltura.com.br\/programasomar\/wp-json\/wp\/v2\/comments?post=678"}],"version-history":[{"count":11,"href":"https:\/\/www.alemdaaltura.com.br\/programasomar\/wp-json\/wp\/v2\/pages\/678\/revisions"}],"predecessor-version":[{"id":2501,"href":"https:\/\/www.alemdaaltura.com.br\/programasomar\/wp-json\/wp\/v2\/pages\/678\/revisions\/2501"}],"wp:attachment":[{"href":"https:\/\/www.alemdaaltura.com.br\/programasomar\/wp-json\/wp\/v2\/media?parent=678"}],"curies":[{"name":"wp","href":"https:\/\/api.w.org\/{rel}","templated":true}]}}